{"id":1252,"date":"2016-04-18T19:19:08","date_gmt":"2016-04-18T17:19:08","guid":{"rendered":"https:\/\/alfiume.it\/tariffe\/"},"modified":"2024-02-02T14:32:47","modified_gmt":"2024-02-02T13:32:47","slug":"preise","status":"publish","type":"page","link":"https:\/\/alfiume.it\/de\/preise\/","title":{"rendered":"PREISE"},"content":{"rendered":"","protected":false},"excerpt":{"rendered":"","protected":false},"author":1,"featured_media":0,"parent":0,"menu_order":0,"comment_status":"closed","ping_status":"closed","template":"","meta":{"footnotes":""},"class_list":["post-1252","page","type-page","status-publish","hentry"],"yoast_head":"<!-- This site is optimized with the Yoast SEO plugin v24.8.1 - https:\/\/yoast.com\/wordpress\/plugins\/seo\/ -->\n<title>PREISE | Casale Al Fiume<\/title>\n<meta name=\"description\" content=\"Entdecken Sie unsere Preise f\u00fcr Wohnungen und Camping. Casale Al Fiume bietet Rabatte f\u00fcr die ganze Woche und ma\u00dfgeschneiderte Preise!\" \/>\n<meta name=\"robots\" content=\"index, follow, max-snippet:-1, max-image-preview:large, max-video-preview:-1\" \/>\n<link rel=\"canonical\" href=\"https:\/\/alfiume.it\/de\/preise\/\" \/>\n<meta property=\"og:locale\" content=\"de_DE\" \/>\n<meta property=\"og:type\" content=\"article\" \/>\n<meta property=\"og:title\" content=\"PREISE | Casale Al Fiume\" \/>\n<meta property=\"og:description\" content=\"Entdecken Sie unsere Preise f\u00fcr Wohnungen und Camping. Casale Al Fiume bietet Rabatte f\u00fcr die ganze Woche und ma\u00dfgeschneiderte Preise!\" \/>\n<meta property=\"og:url\" content=\"https:\/\/alfiume.it\/de\/preise\/\" \/>\n<meta property=\"og:site_name\" content=\"Casale Al Fiume\" \/>\n<meta property=\"article:publisher\" content=\"https:\/\/www.facebook.com\/casalealfiume\" \/>\n<meta property=\"article:modified_time\" content=\"2024-02-02T13:32:47+00:00\" \/>\n<meta name=\"twitter:card\" content=\"summary_large_image\" \/>\n<meta name=\"twitter:label1\" content=\"Gesch\u00e4tzte Lesezeit\" \/>\n\t<meta name=\"twitter:data1\" content=\"4\u00a0Minuten\" \/>\n<script type=\"application\/ld+json\" class=\"yoast-schema-graph\">{\"@context\":\"https:\/\/schema.org\",\"@graph\":[{\"@type\":\"WebPage\",\"@id\":\"https:\/\/alfiume.it\/de\/preise\/\",\"url\":\"https:\/\/alfiume.it\/de\/preise\/\",\"name\":\"PREISE | Casale Al Fiume\",\"isPartOf\":{\"@id\":\"https:\/\/alfiume.it\/#website\"},\"datePublished\":\"2016-04-18T17:19:08+00:00\",\"dateModified\":\"2024-02-02T13:32:47+00:00\",\"description\":\"Entdecken Sie unsere Preise f\u00fcr Wohnungen und Camping. Casale Al Fiume bietet Rabatte f\u00fcr die ganze Woche und ma\u00dfgeschneiderte Preise!\",\"breadcrumb\":{\"@id\":\"https:\/\/alfiume.it\/de\/preise\/#breadcrumb\"},\"inLanguage\":\"de\",\"potentialAction\":[{\"@type\":\"ReadAction\",\"target\":[\"https:\/\/alfiume.it\/de\/preise\/\"]}]},{\"@type\":\"BreadcrumbList\",\"@id\":\"https:\/\/alfiume.it\/de\/preise\/#breadcrumb\",\"itemListElement\":[{\"@type\":\"ListItem\",\"position\":1,\"name\":\"Home\",\"item\":\"https:\/\/alfiume.it\/de\/\"},{\"@type\":\"ListItem\",\"position\":2,\"name\":\"PREISE\"}]},{\"@type\":\"WebSite\",\"@id\":\"https:\/\/alfiume.it\/#website\",\"url\":\"https:\/\/alfiume.it\/\",\"name\":\"Casale Al Fiume\",\"description\":\"Agriturismo &amp; Agricampeggio\",\"publisher\":{\"@id\":\"https:\/\/alfiume.it\/#organization\"},\"potentialAction\":[{\"@type\":\"SearchAction\",\"target\":{\"@type\":\"EntryPoint\",\"urlTemplate\":\"https:\/\/alfiume.it\/?s={search_term_string}\"},\"query-input\":{\"@type\":\"PropertyValueSpecification\",\"valueRequired\":true,\"valueName\":\"search_term_string\"}}],\"inLanguage\":\"de\"},{\"@type\":\"Organization\",\"@id\":\"https:\/\/alfiume.it\/#organization\",\"name\":\"Agriturismo Al Fiume\",\"url\":\"https:\/\/alfiume.it\/\",\"logo\":{\"@type\":\"ImageObject\",\"inLanguage\":\"de\",\"@id\":\"https:\/\/alfiume.it\/#\/schema\/logo\/image\/\",\"url\":\"https:\/\/alfiume.it\/wp-content\/uploads\/2019\/09\/logo_6-1.png\",\"contentUrl\":\"https:\/\/alfiume.it\/wp-content\/uploads\/2019\/09\/logo_6-1.png\",\"width\":791,\"height\":193,\"caption\":\"Agriturismo Al Fiume\"},\"image\":{\"@id\":\"https:\/\/alfiume.it\/#\/schema\/logo\/image\/\"},\"sameAs\":[\"https:\/\/www.facebook.com\/casalealfiume\",\"https:\/\/www.instagram.com\/agriturismoalfiume\/\"]}]}<\/script>\n<!-- \/ Yoast SEO plugin. -->","yoast_head_json":{"title":"PREISE | Casale Al Fiume","description":"Entdecken Sie unsere Preise f\u00fcr Wohnungen und Camping. Casale Al Fiume bietet Rabatte f\u00fcr die ganze Woche und ma\u00dfgeschneiderte Preise!","robots":{"index":"index","follow":"follow","max-snippet":"max-snippet:-1","max-image-preview":"max-image-preview:large","max-video-preview":"max-video-preview:-1"},"canonical":"https:\/\/alfiume.it\/de\/preise\/","og_locale":"de_DE","og_type":"article","og_title":"PREISE | Casale Al Fiume","og_description":"Entdecken Sie unsere Preise f\u00fcr Wohnungen und Camping. Casale Al Fiume bietet Rabatte f\u00fcr die ganze Woche und ma\u00dfgeschneiderte Preise!","og_url":"https:\/\/alfiume.it\/de\/preise\/","og_site_name":"Casale Al Fiume","article_publisher":"https:\/\/www.facebook.com\/casalealfiume","article_modified_time":"2024-02-02T13:32:47+00:00","twitter_card":"summary_large_image","twitter_misc":{"Gesch\u00e4tzte Lesezeit":"4\u00a0Minuten"},"schema":{"@context":"https:\/\/schema.org","@graph":[{"@type":"WebPage","@id":"https:\/\/alfiume.it\/de\/preise\/","url":"https:\/\/alfiume.it\/de\/preise\/","name":"PREISE | Casale Al Fiume","isPartOf":{"@id":"https:\/\/alfiume.it\/#website"},"datePublished":"2016-04-18T17:19:08+00:00","dateModified":"2024-02-02T13:32:47+00:00","description":"Entdecken Sie unsere Preise f\u00fcr Wohnungen und Camping. Casale Al Fiume bietet Rabatte f\u00fcr die ganze Woche und ma\u00dfgeschneiderte Preise!","breadcrumb":{"@id":"https:\/\/alfiume.it\/de\/preise\/#breadcrumb"},"inLanguage":"de","potentialAction":[{"@type":"ReadAction","target":["https:\/\/alfiume.it\/de\/preise\/"]}]},{"@type":"BreadcrumbList","@id":"https:\/\/alfiume.it\/de\/preise\/#breadcrumb","itemListElement":[{"@type":"ListItem","position":1,"name":"Home","item":"https:\/\/alfiume.it\/de\/"},{"@type":"ListItem","position":2,"name":"PREISE"}]},{"@type":"WebSite","@id":"https:\/\/alfiume.it\/#website","url":"https:\/\/alfiume.it\/","name":"Casale Al Fiume","description":"Agriturismo &amp; Agricampeggio","publisher":{"@id":"https:\/\/alfiume.it\/#organization"},"potentialAction":[{"@type":"SearchAction","target":{"@type":"EntryPoint","urlTemplate":"https:\/\/alfiume.it\/?s={search_term_string}"},"query-input":{"@type":"PropertyValueSpecification","valueRequired":true,"valueName":"search_term_string"}}],"inLanguage":"de"},{"@type":"Organization","@id":"https:\/\/alfiume.it\/#organization","name":"Agriturismo Al Fiume","url":"https:\/\/alfiume.it\/","logo":{"@type":"ImageObject","inLanguage":"de","@id":"https:\/\/alfiume.it\/#\/schema\/logo\/image\/","url":"https:\/\/alfiume.it\/wp-content\/uploads\/2019\/09\/logo_6-1.png","contentUrl":"https:\/\/alfiume.it\/wp-content\/uploads\/2019\/09\/logo_6-1.png","width":791,"height":193,"caption":"Agriturismo Al Fiume"},"image":{"@id":"https:\/\/alfiume.it\/#\/schema\/logo\/image\/"},"sameAs":["https:\/\/www.facebook.com\/casalealfiume","https:\/\/www.instagram.com\/agriturismoalfiume\/"]}]}},"_links":{"self":[{"href":"https:\/\/alfiume.it\/de\/wp-json\/wp\/v2\/pages\/1252","targetHints":{"allow":["GET"]}}],"collection":[{"href":"https:\/\/alfiume.it\/de\/wp-json\/wp\/v2\/pages"}],"about":[{"href":"https:\/\/alfiume.it\/de\/wp-json\/wp\/v2\/types\/page"}],"author":[{"embeddable":true,"href":"https:\/\/alfiume.it\/de\/wp-json\/wp\/v2\/users\/1"}],"replies":[{"embeddable":true,"href":"https:\/\/alfiume.it\/de\/wp-json\/wp\/v2\/comments?post=1252"}],"version-history":[{"count":5,"href":"https:\/\/alfiume.it\/de\/wp-json\/wp\/v2\/pages\/1252\/revisions"}],"predecessor-version":[{"id":1274,"href":"https:\/\/alfiume.it\/de\/wp-json\/wp\/v2\/pages\/1252\/revisions\/1274"}],"wp:attachment":[{"href":"https:\/\/alfiume.it\/de\/wp-json\/wp\/v2\/media?parent=1252"}],"curies":[{"name":"wp","href":"https:\/\/api.w.org\/{rel}","templated":true}]}}